{"id":939,"date":"2025-09-27T10:17:42","date_gmt":"2025-09-27T10:17:42","guid":{"rendered":"https:\/\/hranaindustry.ro\/?page_id=939"},"modified":"2025-10-01T11:47:36","modified_gmt":"2025-10-01T11:47:36","slug":"quality-certifications","status":"publish","type":"page","link":"https:\/\/hranaindustry.ro\/en\/quality-certifications\/","title":{"rendered":"Certifications &amp; Quality"},"content":{"rendered":"<div data-elementor-type=\"wp-page\" data-elementor-id=\"939\" class=\"elementor elementor-939\" data-elementor-post-type=\"page\">\n\t\t\t\t<div data-particle_enable=\"false\" data-particle-mobile-disabled=\"false\" class=\"elementor-element elementor-element-4097a7d3 e-con-full e-flex e-con e-parent\" data-id=\"4097a7d3\" data-element_type=\"container\" data-e-type=\"container\" data-settings=\"{&quot;background_background&quot;:&quot;classic&quot;,&quot;jet_parallax_layout_list&quot;:[]}\">\n\t\t<div data-particle_enable=\"false\" data-particle-mobile-disabled=\"false\" class=\"elementor-element elementor-element-42037431 e-con-full e-flex e-con e-child\" data-id=\"42037431\" data-element_type=\"container\" data-e-type=\"container\" data-settings=\"{&quot;jet_parallax_layout_list&quot;:[]}\">\n\t\t\t\t<div class=\"elementor-element elementor-element-33e08e5c elementor-invisible elementor-widget elementor-widget-heading\" data-id=\"33e08e5c\" data-element_type=\"widget\" data-e-type=\"widget\" data-settings=\"{&quot;_animation&quot;:&quot;fadeIn&quot;}\" data-widget_type=\"heading.default\">\n\t\t\t\t<div class=\"elementor-widget-container\">\n\t\t\t\t\t<h1 class=\"elementor-heading-title elementor-size-default\">Trust confirmed by international certifications<\/h1>\t\t\t\t<\/div>\n\t\t\t\t<\/div>\n\t\t\t\t<div class=\"elementor-element elementor-element-9b84009 elementor-invisible elementor-widget elementor-widget-text-editor\" data-id=\"9b84009\" data-element_type=\"widget\" data-e-type=\"widget\" data-settings=\"{&quot;_animation&quot;:&quot;fadeIn&quot;,&quot;_animation_delay&quot;:200}\" data-widget_type=\"text-editor.default\">\n\t\t\t\t<div class=\"elementor-widget-container\">\n\t\t\t\t\t\t\t\t\t<p>At HRANA, quality and food safety always come first. Our products are made with care and responsibility, in accordance with international standards, to bring confidence both to our partners and to end consumers.<\/p>\t\t\t\t\t\t\t\t<\/div>\n\t\t\t\t<\/div>\n\t\t\t\t<div class=\"elementor-element elementor-element-fd38048 elementor-hidden-widescreen elementor-hidden-desktop elementor-hidden-laptop elementor-hidden-tablet_extra elementor-hidden-tablet elementor-hidden-mobile_extra elementor-hidden-mobile elementor-invisible elementor-widget elementor-widget-text-editor\" data-id=\"fd38048\" data-element_type=\"widget\" data-e-type=\"widget\" data-settings=\"{&quot;_animation&quot;:&quot;fadeIn&quot;,&quot;_animation_delay&quot;:200}\" data-widget_type=\"text-editor.default\">\n\t\t\t\t<div class=\"elementor-widget-container\">\n\t\t\t\t\t\t\t\t\t<p>At HRANA, quality and food safety are top priorities. All our products are manufactured and distributed in accordance with recognized international standards to ensure a constant level of confidence to our partners and end consumers.<\/p>\t\t\t\t\t\t\t\t<\/div>\n\t\t\t\t<\/div>\n\t\t\t\t<\/div>\n\t\t\t\t<\/div>\n\t\t<div data-particle_enable=\"false\" data-particle-mobile-disabled=\"false\" class=\"elementor-element elementor-element-5a9767a e-flex e-con-boxed e-con e-parent\" data-id=\"5a9767a\" data-element_type=\"container\" data-e-type=\"container\" data-settings=\"{&quot;background_background&quot;:&quot;classic&quot;,&quot;jet_parallax_layout_list&quot;:[]}\">\n\t\t\t\t\t<div class=\"e-con-inner\">\n\t\t<div data-particle_enable=\"false\" data-particle-mobile-disabled=\"false\" class=\"elementor-element elementor-element-d259855 e-con-full e-flex e-con e-child\" data-id=\"d259855\" data-element_type=\"container\" data-e-type=\"container\" data-settings=\"{&quot;jet_parallax_layout_list&quot;:[],&quot;background_background&quot;:&quot;classic&quot;}\">\n\t\t\t\t<div class=\"elementor-element elementor-element-7f2b40c elementor-widget elementor-widget-text-editor\" data-id=\"7f2b40c\" data-element_type=\"widget\" data-e-type=\"widget\" data-widget_type=\"text-editor.default\">\n\t\t\t\t<div class=\"elementor-widget-container\">\n\t\t\t\t\t\t\t\t\t<p><strong>IFS Food v8<\/strong><br \/>Corn and Packaged Cereals<\/p>\t\t\t\t\t\t\t\t<\/div>\n\t\t\t\t<\/div>\n\t\t\t\t<div class=\"elementor-element elementor-element-67588df elementor-invisible elementor-widget elementor-widget-image\" data-id=\"67588df\" data-element_type=\"widget\" data-e-type=\"widget\" data-settings=\"{&quot;_animation&quot;:&quot;zoomIn&quot;}\" data-widget_type=\"image.default\">\n\t\t\t\t<div class=\"elementor-widget-container\">\n\t\t\t\t\t\t\t\t\t\t\t\t\t\t\t\t<a href=\"https:\/\/hranaindustry.ro\/wp-content\/uploads\/2025\/10\/Hrana-nr13-IFS-F-25.jpg\" data-elementor-open-lightbox=\"yes\" data-elementor-lightbox-title=\"Hrana-nr13-IFS-F-25\" data-e-action-hash=\"#elementor-action%3Aaction%3Dlightbox%26settings%3DeyJpZCI6MTU4NywidXJsIjoiaHR0cHM6XC9cL2hyYW5haW5kdXN0cnkucm9cL3dwLWNvbnRlbnRcL3VwbG9hZHNcLzIwMjVcLzEwXC9IcmFuYS1ucjEzLUlGUy1GLTI1LmpwZyJ9\">\n\t\t\t\t\t\t\t<img fetchpriority=\"high\" decoding=\"async\" width=\"707\" height=\"1000\" src=\"https:\/\/hranaindustry.ro\/wp-content\/uploads\/2025\/10\/Hrana-nr13-IFS-F-25.jpg\" class=\"elementor-animation-grow attachment-large size-large wp-image-1587\" alt=\"\" srcset=\"https:\/\/hranaindustry.ro\/wp-content\/uploads\/2025\/10\/Hrana-nr13-IFS-F-25.jpg 707w, https:\/\/hranaindustry.ro\/wp-content\/uploads\/2025\/10\/Hrana-nr13-IFS-F-25-212x300.jpg 212w\" sizes=\"(max-width: 707px) 100vw, 707px\" \/>\t\t\t\t\t\t\t\t<\/a>\n\t\t\t\t\t\t\t\t\t\t\t\t\t\t\t<\/div>\n\t\t\t\t<\/div>\n\t\t\t\t<div class=\"elementor-element elementor-element-3951a31 elementor-widget elementor-widget-text-editor\" data-id=\"3951a31\" data-element_type=\"widget\" data-e-type=\"widget\" data-widget_type=\"text-editor.default\">\n\t\t\t\t<div class=\"elementor-widget-container\">\n\t\t\t\t\t\t\t\t\t<p><strong data-start=\"638\" data-end=\"693\">Food safety system<\/strong><\/p>\t\t\t\t\t\t\t\t<\/div>\n\t\t\t\t<\/div>\n\t\t\t\t<div class=\"elementor-element elementor-element-3aa47c7 elementor-invisible elementor-widget elementor-widget-text-editor\" data-id=\"3aa47c7\" data-element_type=\"widget\" data-e-type=\"widget\" data-settings=\"{&quot;_animation&quot;:&quot;fadeIn&quot;,&quot;_animation_delay&quot;:200}\" data-widget_type=\"text-editor.default\">\n\t\t\t\t<div class=\"elementor-widget-container\">\n\t\t\t\t\t\t\t\t\t<p>IFS Food certification confirms the safety and quality of the corn milling process and the packaging of cereals, rice, chickpeas and beans. Audit 2025, score 97,32% - Higher Level.<\/p>\t\t\t\t\t\t\t\t<\/div>\n\t\t\t\t<\/div>\n\t\t\t\t<\/div>\n\t\t<div data-particle_enable=\"false\" data-particle-mobile-disabled=\"false\" class=\"elementor-element elementor-element-3ba04f4 e-con-full e-flex e-con e-child\" data-id=\"3ba04f4\" data-element_type=\"container\" data-e-type=\"container\" data-settings=\"{&quot;jet_parallax_layout_list&quot;:[],&quot;background_background&quot;:&quot;classic&quot;}\">\n\t\t\t\t<div class=\"elementor-element elementor-element-027a8fd elementor-widget elementor-widget-text-editor\" data-id=\"027a8fd\" data-element_type=\"widget\" data-e-type=\"widget\" data-widget_type=\"text-editor.default\">\n\t\t\t\t<div class=\"elementor-widget-container\">\n\t\t\t\t\t\t\t\t\t<p><strong>IFS Food v8<\/strong><br \/>Wheat and Bakery Products<\/p>\t\t\t\t\t\t\t\t<\/div>\n\t\t\t\t<\/div>\n\t\t\t\t<div class=\"elementor-element elementor-element-718ac25 elementor-invisible elementor-widget elementor-widget-image\" data-id=\"718ac25\" data-element_type=\"widget\" data-e-type=\"widget\" data-settings=\"{&quot;_animation&quot;:&quot;zoomIn&quot;,&quot;_animation_delay&quot;:400}\" data-widget_type=\"image.default\">\n\t\t\t\t<div class=\"elementor-widget-container\">\n\t\t\t\t\t\t\t\t\t\t\t\t\t\t\t\t<a href=\"https:\/\/hranaindustry.ro\/wp-content\/uploads\/2025\/10\/Hrana-nr9-IFS-F-25-en.jpg\" data-elementor-open-lightbox=\"yes\" data-elementor-lightbox-title=\"Hrana-nr9-IFS-F-25-en\" data-e-action-hash=\"#elementor-action%3Aaction%3Dlightbox%26settings%3DeyJpZCI6MTU4NiwidXJsIjoiaHR0cHM6XC9cL2hyYW5haW5kdXN0cnkucm9cL3dwLWNvbnRlbnRcL3VwbG9hZHNcLzIwMjVcLzEwXC9IcmFuYS1ucjktSUZTLUYtMjUtZW4uanBnIn0%3D\">\n\t\t\t\t\t\t\t<img decoding=\"async\" width=\"707\" height=\"1000\" src=\"https:\/\/hranaindustry.ro\/wp-content\/uploads\/2025\/10\/Hrana-nr9-IFS-F-25-en.jpg\" class=\"elementor-animation-grow attachment-large size-large wp-image-1586\" alt=\"\" srcset=\"https:\/\/hranaindustry.ro\/wp-content\/uploads\/2025\/10\/Hrana-nr9-IFS-F-25-en.jpg 707w, https:\/\/hranaindustry.ro\/wp-content\/uploads\/2025\/10\/Hrana-nr9-IFS-F-25-en-212x300.jpg 212w\" sizes=\"(max-width: 707px) 100vw, 707px\" \/>\t\t\t\t\t\t\t\t<\/a>\n\t\t\t\t\t\t\t\t\t\t\t\t\t\t\t<\/div>\n\t\t\t\t<\/div>\n\t\t\t\t<div class=\"elementor-element elementor-element-5367ffc elementor-widget elementor-widget-text-editor\" data-id=\"5367ffc\" data-element_type=\"widget\" data-e-type=\"widget\" data-widget_type=\"text-editor.default\">\n\t\t\t\t<div class=\"elementor-widget-container\">\n\t\t\t\t\t\t\t\t\t<p><strong data-start=\"1110\" data-end=\"1184\">Certified quality for milling<\/strong><\/p>\t\t\t\t\t\t\t\t<\/div>\n\t\t\t\t<\/div>\n\t\t\t\t<div class=\"elementor-element elementor-element-e6f24c2 elementor-invisible elementor-widget elementor-widget-text-editor\" data-id=\"e6f24c2\" data-element_type=\"widget\" data-e-type=\"widget\" data-settings=\"{&quot;_animation&quot;:&quot;fadeIn&quot;,&quot;_animation_delay&quot;:200}\" data-widget_type=\"text-editor.default\">\n\t\t\t\t<div class=\"elementor-widget-container\">\n\t\t\t\t\t\t\t\t\t<p>IFS Food certification attests the conformity of the milling process of wheat into flour, meal, bran and germ, delivered in bulk or packaged. Audit 2025, score 96,16% - Higher Level.\u00a0<\/p>\t\t\t\t\t\t\t\t<\/div>\n\t\t\t\t<\/div>\n\t\t\t\t<\/div>\n\t\t\t\t\t<\/div>\n\t\t\t\t<\/div>\n\t\t<div data-particle_enable=\"false\" data-particle-mobile-disabled=\"false\" class=\"elementor-element elementor-element-96705f5 e-flex e-con-boxed e-con e-parent\" data-id=\"96705f5\" data-element_type=\"container\" data-e-type=\"container\" data-settings=\"{&quot;jet_parallax_layout_list&quot;:[]}\">\n\t\t\t\t\t<div class=\"e-con-inner\">\n\t\t\t\t<div class=\"elementor-element elementor-element-0c96793 elementor-widget elementor-widget-spacer\" data-id=\"0c96793\" data-element_type=\"widget\" data-e-type=\"widget\" data-widget_type=\"spacer.default\">\n\t\t\t\t<div class=\"elementor-widget-container\">\n\t\t\t\t\t\t\t<div class=\"elementor-spacer\">\n\t\t\t<div class=\"elementor-spacer-inner\"><\/div>\n\t\t<\/div>\n\t\t\t\t\t\t<\/div>\n\t\t\t\t<\/div>\n\t\t\t\t\t<\/div>\n\t\t\t\t<\/div>\n\t\t\t\t<\/div>","protected":false},"excerpt":{"rendered":"<p>\u00cencredere confirmat\u0103 prin certific\u0103ri interna\u021bionale La HRANA, calitatea \u0219i siguran\u021ba alimentar\u0103 sunt mereu pe primul loc. Produsele noastre sunt realizate cu grij\u0103 \u0219i responsabilitate, \u00een conformitate cu standardele interna\u021bionale, pentru a aduce \u00eencredere at\u00e2t partenerilor no\u0219tri, c\u00e2t \u0219i consumatorilor finali. La HRANA, calitatea \u0219i siguran\u021ba alimentar\u0103 sunt priorit\u0103\u021bi absolute. Toate produsele noastre sunt fabricate \u0219i [&hellip;]<\/p>\n","protected":false},"author":1,"featured_media":0,"parent":0,"menu_order":0,"comment_status":"closed","ping_status":"closed","template":"elementor_header_footer","meta":{"inline_featured_image":false,"footnotes":""},"class_list":["post-939","page","type-page","status-publish","hentry"],"_links":{"self":[{"href":"https:\/\/hranaindustry.ro\/en\/wp-json\/wp\/v2\/pages\/939","targetHints":{"allow":["GET"]}}],"collection":[{"href":"https:\/\/hranaindustry.ro\/en\/wp-json\/wp\/v2\/pages"}],"about":[{"href":"https:\/\/hranaindustry.ro\/en\/wp-json\/wp\/v2\/types\/page"}],"author":[{"embeddable":true,"href":"https:\/\/hranaindustry.ro\/en\/wp-json\/wp\/v2\/users\/1"}],"replies":[{"embeddable":true,"href":"https:\/\/hranaindustry.ro\/en\/wp-json\/wp\/v2\/comments?post=939"}],"version-history":[{"count":133,"href":"https:\/\/hranaindustry.ro\/en\/wp-json\/wp\/v2\/pages\/939\/revisions"}],"predecessor-version":[{"id":1657,"href":"https:\/\/hranaindustry.ro\/en\/wp-json\/wp\/v2\/pages\/939\/revisions\/1657"}],"wp:attachment":[{"href":"https:\/\/hranaindustry.ro\/en\/wp-json\/wp\/v2\/media?parent=939"}],"curies":[{"name":"wp","href":"https:\/\/api.w.org\/{rel}","templated":true}]}}