{"id":439,"date":"2025-09-24T21:34:26","date_gmt":"2025-09-24T21:34:26","guid":{"rendered":"https:\/\/hranaindustry.ro\/?page_id=439"},"modified":"2025-10-03T21:53:21","modified_gmt":"2025-10-03T21:53:21","slug":"acasa","status":"publish","type":"page","link":"https:\/\/hranaindustry.ro\/uk\/","title":{"rendered":"Acasa"},"content":{"rendered":"\t\t<div data-elementor-type=\"wp-page\" data-elementor-id=\"439\" class=\"elementor elementor-439\" data-elementor-post-type=\"page\">\n\t\t\t\t<div data-particle_enable=\"false\" data-particle-mobile-disabled=\"false\" class=\"elementor-element elementor-element-6394c27 e-con-full e-flex e-con e-parent\" data-id=\"6394c27\" data-element_type=\"container\" data-e-type=\"container\" data-settings=\"{&quot;background_background&quot;:&quot;classic&quot;,&quot;jet_parallax_layout_list&quot;:[],&quot;motion_fx_motion_fx_scrolling&quot;:&quot;yes&quot;,&quot;motion_fx_devices&quot;:[&quot;widescreen&quot;,&quot;desktop&quot;,&quot;laptop&quot;,&quot;tablet_extra&quot;,&quot;tablet&quot;,&quot;mobile_extra&quot;,&quot;mobile&quot;]}\">\n\t\t\t\t<div class=\"elementor-element elementor-element-66a4fec elementor-widget elementor-widget-spacer\" data-id=\"66a4fec\" data-element_type=\"widget\" data-e-type=\"widget\" data-widget_type=\"spacer.default\">\n\t\t\t\t<div class=\"elementor-widget-container\">\n\t\t\t\t\t\t\t<div class=\"elementor-spacer\">\n\t\t\t<div class=\"elementor-spacer-inner\"><\/div>\n\t\t<\/div>\n\t\t\t\t\t\t<\/div>\n\t\t\t\t<\/div>\n\t\t<div data-particle_enable=\"false\" data-particle-mobile-disabled=\"false\" class=\"elementor-element elementor-element-c96b2f9 elementor-hidden-mobile_extra elementor-hidden-mobile e-flex e-con-boxed e-con e-child\" data-id=\"c96b2f9\" data-element_type=\"container\" data-e-type=\"container\" data-settings=\"{&quot;jet_parallax_layout_list&quot;:[]}\">\n\t\t\t\t\t<div class=\"e-con-inner\">\n\t\t<div data-particle_enable=\"false\" data-particle-mobile-disabled=\"false\" class=\"elementor-element elementor-element-7b04bfd e-flex e-con-boxed e-con e-child\" data-id=\"7b04bfd\" data-element_type=\"container\" data-e-type=\"container\" data-settings=\"{&quot;jet_parallax_layout_list&quot;:[]}\">\n\t\t\t\t\t<div class=\"e-con-inner\">\n\t\t\t\t<div class=\"elementor-element elementor-element-5840a5e elementor-widget-widescreen__width-inherit elementor-widget elementor-widget-heading\" data-id=\"5840a5e\" data-element_type=\"widget\" data-e-type=\"widget\" data-widget_type=\"heading.default\">\n\t\t\t\t<div class=\"elementor-widget-container\">\n\t\t\t\t\t<h2 class=\"elementor-heading-title elementor-size-default\">Tradi\u021bie \u00een mor\u0103rit, <br>inova\u021bie \u00een alimenta\u021bie<\/h2>\t\t\t\t<\/div>\n\t\t\t\t<\/div>\n\t\t\t\t\t<\/div>\n\t\t\t\t<\/div>\n\t\t\t\t\t<\/div>\n\t\t\t\t<\/div>\n\t\t<div data-particle_enable=\"false\" data-particle-mobile-disabled=\"false\" class=\"elementor-element elementor-element-a4da665 e-con-full elementor-hidden-widescreen elementor-hidden-desktop elementor-hidden-laptop elementor-hidden-tablet_extra elementor-hidden-tablet e-flex e-con e-child\" data-id=\"a4da665\" data-element_type=\"container\" data-e-type=\"container\" data-settings=\"{&quot;jet_parallax_layout_list&quot;:[]}\">\n\t\t<div data-particle_enable=\"false\" data-particle-mobile-disabled=\"false\" class=\"elementor-element elementor-element-aa2f4e7 e-flex e-con-boxed e-con e-child\" data-id=\"aa2f4e7\" data-element_type=\"container\" data-e-type=\"container\" data-settings=\"{&quot;jet_parallax_layout_list&quot;:[]}\">\n\t\t\t\t\t<div class=\"e-con-inner\">\n\t\t\t\t<div class=\"elementor-element elementor-element-18d6022 elementor-widget-widescreen__width-inherit elementor-widget elementor-widget-heading\" data-id=\"18d6022\" data-element_type=\"widget\" data-e-type=\"widget\" data-widget_type=\"heading.default\">\n\t\t\t\t<div class=\"elementor-widget-container\">\n\t\t\t\t\t<h2 class=\"elementor-heading-title elementor-size-default\">Tradi\u021bie \u00een mor\u0103rit, <br>inova\u021bie \u00een alimenta\u021bie<\/h2>\t\t\t\t<\/div>\n\t\t\t\t<\/div>\n\t\t\t\t\t<\/div>\n\t\t\t\t<\/div>\n\t\t\t\t<\/div>\n\t\t\t\t<\/div>\n\t\t<div data-particle_enable=\"false\" data-particle-mobile-disabled=\"false\" class=\"elementor-element elementor-element-83d54e1 e-flex e-con-boxed e-con e-parent\" data-id=\"83d54e1\" data-element_type=\"container\" data-e-type=\"container\" data-settings=\"{&quot;jet_parallax_layout_list&quot;:[]}\">\n\t\t\t\t\t<div class=\"e-con-inner\">\n\t\t<div data-particle_enable=\"false\" data-particle-mobile-disabled=\"false\" class=\"elementor-element elementor-element-eb11a05 e-con-full card animated-fast e-flex elementor-invisible e-con e-child\" data-id=\"eb11a05\" data-element_type=\"container\" data-e-type=\"container\" data-settings=\"{&quot;background_background&quot;:&quot;classic&quot;,&quot;jet_parallax_layout_list&quot;:[],&quot;animation&quot;:&quot;zoomIn&quot;,&quot;animation_widescreen&quot;:&quot;zoomIn&quot;}\">\n\t\t<div data-particle_enable=\"false\" data-particle-mobile-disabled=\"false\" class=\"elementor-element elementor-element-f0e949f e-con-full inner e-flex e-con e-child\" data-id=\"f0e949f\" data-element_type=\"container\" data-e-type=\"container\" data-settings=\"{&quot;background_background&quot;:&quot;classic&quot;,&quot;jet_parallax_layout_list&quot;:[]}\">\n\t\t\t\t<div class=\"elementor-element elementor-element-e4c9a41 elementor-widget elementor-widget-image\" data-id=\"e4c9a41\" data-element_type=\"widget\" data-e-type=\"widget\" data-widget_type=\"image.default\">\n\t\t\t\t<div class=\"elementor-widget-container\">\n\t\t\t\t\t\t\t\t\t\t\t\t\t\t\t<img fetchpriority=\"high\" decoding=\"async\" width=\"768\" height=\"768\" src=\"https:\/\/hranaindustry.ro\/wp-content\/uploads\/2025\/09\/OREZ-BOB-MEDIU-SIM-1-768x768.png\" class=\"elementor-animation-float attachment-medium_large size-medium_large wp-image-590\" alt=\"\" srcset=\"https:\/\/hranaindustry.ro\/wp-content\/uploads\/2025\/09\/OREZ-BOB-MEDIU-SIM-1-768x768.png 768w, https:\/\/hranaindustry.ro\/wp-content\/uploads\/2025\/09\/OREZ-BOB-MEDIU-SIM-1-300x300.png 300w, https:\/\/hranaindustry.ro\/wp-content\/uploads\/2025\/09\/OREZ-BOB-MEDIU-SIM-1-1024x1024.png 1024w, https:\/\/hranaindustry.ro\/wp-content\/uploads\/2025\/09\/OREZ-BOB-MEDIU-SIM-1-150x150.png 150w, https:\/\/hranaindustry.ro\/wp-content\/uploads\/2025\/09\/OREZ-BOB-MEDIU-SIM-1.png 1400w\" sizes=\"(max-width: 768px) 100vw, 768px\" \/>\t\t\t\t\t\t\t\t\t\t\t\t\t\t\t<\/div>\n\t\t\t\t<\/div>\n\t\t\t\t<div class=\"elementor-element elementor-element-4d0b61b elementor-align-center elementor-mobile-align-justify elementor-widget elementor-widget-button\" data-id=\"4d0b61b\" data-element_type=\"widget\" data-e-type=\"widget\" data-widget_type=\"button.default\">\n\t\t\t\t<div class=\"elementor-widget-container\">\n\t\t\t\t\t\t\t\t\t<div class=\"elementor-button-wrapper\">\n\t\t\t\t\t<a class=\"elementor-button elementor-button-link elementor-size-sm\" href=\"\/produse\/#pambalate\">\n\t\t\t\t\t\t<span class=\"elementor-button-content-wrapper\">\n\t\t\t\t\t\t\t\t\t<span class=\"elementor-button-text\">Produse Ambalate<\/span>\n\t\t\t\t\t<\/span>\n\t\t\t\t\t<\/a>\n\t\t\t\t<\/div>\n\t\t\t\t\t\t\t\t<\/div>\n\t\t\t\t<\/div>\n\t\t\t\t<\/div>\n\t\t<div data-particle_enable=\"false\" data-particle-mobile-disabled=\"false\" class=\"elementor-element elementor-element-287e679 e-con-full blob e-flex e-con e-child\" data-id=\"287e679\" data-element_type=\"container\" data-e-type=\"container\" data-settings=\"{&quot;background_background&quot;:&quot;classic&quot;,&quot;position&quot;:&quot;absolute&quot;,&quot;jet_parallax_layout_list&quot;:[]}\">\n\t\t\t\t<\/div>\n\t\t<div data-particle_enable=\"false\" data-particle-mobile-disabled=\"false\" class=\"elementor-element elementor-element-0ddf9a4 e-con-full fakeblob e-flex e-con e-child\" data-id=\"0ddf9a4\" data-element_type=\"container\" data-e-type=\"container\" data-settings=\"{&quot;position&quot;:&quot;absolute&quot;,&quot;jet_parallax_layout_list&quot;:[],&quot;background_background&quot;:&quot;classic&quot;}\">\n\t\t\t\t<\/div>\n\t\t\t\t<\/div>\n\t\t<div data-particle_enable=\"false\" data-particle-mobile-disabled=\"false\" class=\"elementor-element elementor-element-8c78eba e-con-full card animated-fast e-flex elementor-invisible e-con e-child\" data-id=\"8c78eba\" data-element_type=\"container\" data-e-type=\"container\" data-settings=\"{&quot;background_background&quot;:&quot;classic&quot;,&quot;jet_parallax_layout_list&quot;:[],&quot;animation&quot;:&quot;zoomIn&quot;,&quot;animation_widescreen&quot;:&quot;zoomIn&quot;,&quot;animation_delay&quot;:200}\">\n\t\t<div data-particle_enable=\"false\" data-particle-mobile-disabled=\"false\" class=\"elementor-element elementor-element-38f9327 e-con-full inner e-flex e-con e-child\" data-id=\"38f9327\" data-element_type=\"container\" data-e-type=\"container\" data-settings=\"{&quot;background_background&quot;:&quot;classic&quot;,&quot;jet_parallax_layout_list&quot;:[]}\">\n\t\t\t\t<div class=\"elementor-element elementor-element-3907631 elementor-widget elementor-widget-image\" data-id=\"3907631\" data-element_type=\"widget\" data-e-type=\"widget\" data-widget_type=\"image.default\">\n\t\t\t\t<div class=\"elementor-widget-container\">\n\t\t\t\t\t\t\t\t\t\t\t\t\t\t\t<img decoding=\"async\" width=\"768\" height=\"768\" src=\"https:\/\/hranaindustry.ro\/wp-content\/uploads\/2025\/09\/BROCOLI-CONGELATE-1-1-768x768.png\" class=\"elementor-animation-float attachment-medium_large size-medium_large wp-image-1107\" alt=\"\" srcset=\"https:\/\/hranaindustry.ro\/wp-content\/uploads\/2025\/09\/BROCOLI-CONGELATE-1-1-768x768.png 768w, https:\/\/hranaindustry.ro\/wp-content\/uploads\/2025\/09\/BROCOLI-CONGELATE-1-1-300x300.png 300w, https:\/\/hranaindustry.ro\/wp-content\/uploads\/2025\/09\/BROCOLI-CONGELATE-1-1-150x150.png 150w, https:\/\/hranaindustry.ro\/wp-content\/uploads\/2025\/09\/BROCOLI-CONGELATE-1-1.png 1000w\" sizes=\"(max-width: 768px) 100vw, 768px\" \/>\t\t\t\t\t\t\t\t\t\t\t\t\t\t\t<\/div>\n\t\t\t\t<\/div>\n\t\t\t\t<div class=\"elementor-element elementor-element-5853bab elementor-align-center elementor-mobile-align-justify elementor-widget elementor-widget-button\" data-id=\"5853bab\" data-element_type=\"widget\" data-e-type=\"widget\" data-widget_type=\"button.default\">\n\t\t\t\t<div class=\"elementor-widget-container\">\n\t\t\t\t\t\t\t\t\t<div class=\"elementor-button-wrapper\">\n\t\t\t\t\t<a class=\"elementor-button elementor-button-link elementor-size-sm\" href=\"\/produse\/#pcongelate\">\n\t\t\t\t\t\t<span class=\"elementor-button-content-wrapper\">\n\t\t\t\t\t\t\t\t\t<span class=\"elementor-button-text\">Produse Congelate<\/span>\n\t\t\t\t\t<\/span>\n\t\t\t\t\t<\/a>\n\t\t\t\t<\/div>\n\t\t\t\t\t\t\t\t<\/div>\n\t\t\t\t<\/div>\n\t\t\t\t<\/div>\n\t\t<div data-particle_enable=\"false\" data-particle-mobile-disabled=\"false\" class=\"elementor-element elementor-element-137dd0e e-con-full blob e-flex e-con e-child\" data-id=\"137dd0e\" data-element_type=\"container\" data-e-type=\"container\" data-settings=\"{&quot;background_background&quot;:&quot;classic&quot;,&quot;position&quot;:&quot;absolute&quot;,&quot;jet_parallax_layout_list&quot;:[]}\">\n\t\t\t\t<\/div>\n\t\t<div data-particle_enable=\"false\" data-particle-mobile-disabled=\"false\" class=\"elementor-element elementor-element-50f7d63 e-con-full fakeblob e-flex e-con e-child\" data-id=\"50f7d63\" data-element_type=\"container\" data-e-type=\"container\" data-settings=\"{&quot;position&quot;:&quot;absolute&quot;,&quot;jet_parallax_layout_list&quot;:[],&quot;background_background&quot;:&quot;classic&quot;}\">\n\t\t\t\t<\/div>\n\t\t\t\t<\/div>\n\t\t<div data-particle_enable=\"false\" data-particle-mobile-disabled=\"false\" class=\"elementor-element elementor-element-af93660 e-con-full card animated-fast e-flex elementor-invisible e-con e-child\" data-id=\"af93660\" data-element_type=\"container\" data-e-type=\"container\" data-settings=\"{&quot;background_background&quot;:&quot;classic&quot;,&quot;jet_parallax_layout_list&quot;:[],&quot;animation&quot;:&quot;zoomIn&quot;,&quot;animation_widescreen&quot;:&quot;zoomIn&quot;,&quot;animation_delay&quot;:400}\">\n\t\t<div data-particle_enable=\"false\" data-particle-mobile-disabled=\"false\" class=\"elementor-element elementor-element-85a705a e-con-full inner e-flex e-con e-child\" data-id=\"85a705a\" data-element_type=\"container\" data-e-type=\"container\" data-settings=\"{&quot;background_background&quot;:&quot;classic&quot;,&quot;jet_parallax_layout_list&quot;:[]}\">\n\t\t\t\t<div class=\"elementor-element elementor-element-1d3e5e6 elementor-widget elementor-widget-image\" data-id=\"1d3e5e6\" data-element_type=\"widget\" data-e-type=\"widget\" data-widget_type=\"image.default\">\n\t\t\t\t<div class=\"elementor-widget-container\">\n\t\t\t\t\t\t\t\t\t\t\t\t\t\t\t<img decoding=\"async\" width=\"768\" height=\"768\" src=\"https:\/\/hranaindustry.ro\/wp-content\/uploads\/2025\/10\/CONSERVE-768x768.png\" class=\"elementor-animation-float attachment-medium_large size-medium_large wp-image-1666\" alt=\"\" srcset=\"https:\/\/hranaindustry.ro\/wp-content\/uploads\/2025\/10\/CONSERVE-768x768.png 768w, https:\/\/hranaindustry.ro\/wp-content\/uploads\/2025\/10\/CONSERVE-300x300.png 300w, https:\/\/hranaindustry.ro\/wp-content\/uploads\/2025\/10\/CONSERVE-150x150.png 150w, https:\/\/hranaindustry.ro\/wp-content\/uploads\/2025\/10\/CONSERVE.png 1000w\" sizes=\"(max-width: 768px) 100vw, 768px\" \/>\t\t\t\t\t\t\t\t\t\t\t\t\t\t\t<\/div>\n\t\t\t\t<\/div>\n\t\t\t\t<div class=\"elementor-element elementor-element-69bea1e elementor-align-center elementor-mobile-align-justify elementor-widget elementor-widget-button\" data-id=\"69bea1e\" data-element_type=\"widget\" data-e-type=\"widget\" data-widget_type=\"button.default\">\n\t\t\t\t<div class=\"elementor-widget-container\">\n\t\t\t\t\t\t\t\t\t<div class=\"elementor-button-wrapper\">\n\t\t\t\t\t<a class=\"elementor-button elementor-button-link elementor-size-sm\" href=\"\/produse\/#conserve\">\n\t\t\t\t\t\t<span class=\"elementor-button-content-wrapper\">\n\t\t\t\t\t\t\t\t\t<span class=\"elementor-button-text\">Conserve<\/span>\n\t\t\t\t\t<\/span>\n\t\t\t\t\t<\/a>\n\t\t\t\t<\/div>\n\t\t\t\t\t\t\t\t<\/div>\n\t\t\t\t<\/div>\n\t\t\t\t<\/div>\n\t\t<div data-particle_enable=\"false\" data-particle-mobile-disabled=\"false\" class=\"elementor-element elementor-element-04abfae e-con-full blob e-flex e-con e-child\" data-id=\"04abfae\" data-element_type=\"container\" data-e-type=\"container\" data-settings=\"{&quot;background_background&quot;:&quot;classic&quot;,&quot;position&quot;:&quot;absolute&quot;,&quot;jet_parallax_layout_list&quot;:[]}\">\n\t\t\t\t<\/div>\n\t\t<div data-particle_enable=\"false\" data-particle-mobile-disabled=\"false\" class=\"elementor-element elementor-element-9c6f79e e-con-full fakeblob e-flex e-con e-child\" data-id=\"9c6f79e\" data-element_type=\"container\" data-e-type=\"container\" data-settings=\"{&quot;position&quot;:&quot;absolute&quot;,&quot;jet_parallax_layout_list&quot;:[],&quot;background_background&quot;:&quot;classic&quot;}\">\n\t\t\t\t<\/div>\n\t\t\t\t<\/div>\n\t\t<div data-particle_enable=\"false\" data-particle-mobile-disabled=\"false\" class=\"elementor-element elementor-element-2edcbe8 e-con-full card animated-fast e-flex elementor-invisible e-con e-child\" data-id=\"2edcbe8\" data-element_type=\"container\" data-e-type=\"container\" data-settings=\"{&quot;background_background&quot;:&quot;classic&quot;,&quot;jet_parallax_layout_list&quot;:[],&quot;animation&quot;:&quot;zoomIn&quot;,&quot;animation_widescreen&quot;:&quot;zoomIn&quot;,&quot;animation_delay&quot;:600}\">\n\t\t<div data-particle_enable=\"false\" data-particle-mobile-disabled=\"false\" class=\"elementor-element elementor-element-087de1a e-con-full inner e-flex e-con e-child\" data-id=\"087de1a\" data-element_type=\"container\" data-e-type=\"container\" data-settings=\"{&quot;background_background&quot;:&quot;classic&quot;,&quot;jet_parallax_layout_list&quot;:[]}\">\n\t\t\t\t<div class=\"elementor-element elementor-element-c23dafc elementor-widget elementor-widget-image\" data-id=\"c23dafc\" data-element_type=\"widget\" data-e-type=\"widget\" data-widget_type=\"image.default\">\n\t\t\t\t<div class=\"elementor-widget-container\">\n\t\t\t\t\t\t\t\t\t\t\t\t\t\t\t<img loading=\"lazy\" decoding=\"async\" width=\"768\" height=\"768\" src=\"https:\/\/hranaindustry.ro\/wp-content\/uploads\/2025\/09\/Fainuri-1-768x768.png\" class=\"elementor-animation-float attachment-medium_large size-medium_large wp-image-1104\" alt=\"\" srcset=\"https:\/\/hranaindustry.ro\/wp-content\/uploads\/2025\/09\/Fainuri-1-768x768.png 768w, https:\/\/hranaindustry.ro\/wp-content\/uploads\/2025\/09\/Fainuri-1-300x300.png 300w, https:\/\/hranaindustry.ro\/wp-content\/uploads\/2025\/09\/Fainuri-1-150x150.png 150w, https:\/\/hranaindustry.ro\/wp-content\/uploads\/2025\/09\/Fainuri-1.png 1000w\" sizes=\"(max-width: 768px) 100vw, 768px\" \/>\t\t\t\t\t\t\t\t\t\t\t\t\t\t\t<\/div>\n\t\t\t\t<\/div>\n\t\t\t\t<div class=\"elementor-element elementor-element-87668a9 elementor-align-center elementor-mobile-align-justify elementor-widget elementor-widget-button\" data-id=\"87668a9\" data-element_type=\"widget\" data-e-type=\"widget\" data-widget_type=\"button.default\">\n\t\t\t\t<div class=\"elementor-widget-container\">\n\t\t\t\t\t\t\t\t\t<div class=\"elementor-button-wrapper\">\n\t\t\t\t\t<a class=\"elementor-button elementor-button-link elementor-size-sm\" href=\"\/produse\/#pmorarit\">\n\t\t\t\t\t\t<span class=\"elementor-button-content-wrapper\">\n\t\t\t\t\t\t\t\t\t<span class=\"elementor-button-text\">Produse de Mor\u0103rit<\/span>\n\t\t\t\t\t<\/span>\n\t\t\t\t\t<\/a>\n\t\t\t\t<\/div>\n\t\t\t\t\t\t\t\t<\/div>\n\t\t\t\t<\/div>\n\t\t\t\t<\/div>\n\t\t<div data-particle_enable=\"false\" data-particle-mobile-disabled=\"false\" class=\"elementor-element elementor-element-c84c631 e-con-full blob e-flex e-con e-child\" data-id=\"c84c631\" data-element_type=\"container\" data-e-type=\"container\" data-settings=\"{&quot;background_background&quot;:&quot;classic&quot;,&quot;position&quot;:&quot;absolute&quot;,&quot;jet_parallax_layout_list&quot;:[]}\">\n\t\t\t\t<\/div>\n\t\t<div data-particle_enable=\"false\" data-particle-mobile-disabled=\"false\" class=\"elementor-element elementor-element-1a5c8ea e-con-full fakeblob e-flex e-con e-child\" data-id=\"1a5c8ea\" data-element_type=\"container\" data-e-type=\"container\" data-settings=\"{&quot;position&quot;:&quot;absolute&quot;,&quot;jet_parallax_layout_list&quot;:[],&quot;background_background&quot;:&quot;classic&quot;}\">\n\t\t\t\t<\/div>\n\t\t\t\t<\/div>\n\t\t\t\t<div class=\"elementor-element elementor-element-c1e2315 elementor-widget elementor-widget-html\" data-id=\"c1e2315\" data-element_type=\"widget\" data-e-type=\"widget\" data-widget_type=\"html.default\">\n\t\t\t\t<div class=\"elementor-widget-container\">\n\t\t\t\t\t<script type=\"text\/javascript\">\n    \n      const cards = document.querySelectorAll(\".card\");\n\n\nwindow.addEventListener(\"mousemove\", (ev) => {\n  \n  cards.forEach((e) => {\n    const blob = e.querySelector(\".blob\");\n    const fblob = e.querySelector(\".fakeblob\");\n    const rec = fblob.getBoundingClientRect();\n\n  \n    blob.animate(\n      [\n        {\n          transform: `translate(${\n            (ev.clientX - rec.left) - (rec.width \/ 2)\n          }px,${(ev.clientY - rec.top) - (rec.height \/ 2)}px)`\n        }\n      ],\n      {\n        duration: 300,\n        fill: \"forwards\"\n      }\n    );\n  \n    blob.style.opacity = \"1\";\n      \n  });\n  \n});\n\n    \n    \n<\/script>\t\t\t\t<\/div>\n\t\t\t\t<\/div>\n\t\t\t\t\t<\/div>\n\t\t\t\t<\/div>\n\t\t<div data-particle_enable=\"false\" data-particle-mobile-disabled=\"false\" class=\"elementor-element elementor-element-e141900 e-flex e-con-boxed e-con e-parent\" data-id=\"e141900\" data-element_type=\"container\" data-e-type=\"container\" data-settings=\"{&quot;jet_parallax_layout_list&quot;:[]}\">\n\t\t\t\t\t<div class=\"e-con-inner\">\n\t\t\t\t<div class=\"elementor-element elementor-element-13cad59 elementor-widget elementor-widget-spacer\" data-id=\"13cad59\" data-element_type=\"widget\" data-e-type=\"widget\" data-widget_type=\"spacer.default\">\n\t\t\t\t<div class=\"elementor-widget-container\">\n\t\t\t\t\t\t\t<div class=\"elementor-spacer\">\n\t\t\t<div class=\"elementor-spacer-inner\"><\/div>\n\t\t<\/div>\n\t\t\t\t\t\t<\/div>\n\t\t\t\t<\/div>\n\t\t\t\t<div class=\"elementor-element elementor-element-925192e elementor-widget elementor-widget-heading\" data-id=\"925192e\" data-element_type=\"widget\" data-e-type=\"widget\" data-widget_type=\"heading.default\">\n\t\t\t\t<div class=\"elementor-widget-container\">\n\t\t\t\t\t<h2 class=\"elementor-heading-title elementor-size-default\">Calitate constant\u0103, de peste 50 de ani.<\/h2>\t\t\t\t<\/div>\n\t\t\t\t<\/div>\n\t\t<div data-particle_enable=\"false\" data-particle-mobile-disabled=\"false\" class=\"elementor-element elementor-element-3cd6bbc e-con-full e-flex e-con e-child\" data-id=\"3cd6bbc\" data-element_type=\"container\" data-e-type=\"container\" data-settings=\"{&quot;jet_parallax_layout_list&quot;:[]}\">\n\t\t\t\t<div class=\"elementor-element elementor-element-8de7fe9 elementor-widget elementor-widget-text-editor\" data-id=\"8de7fe9\" data-element_type=\"widget\" data-e-type=\"widget\" data-widget_type=\"text-editor.default\">\n\t\t\t\t<div class=\"elementor-widget-container\">\n\t\t\t\t\t\t\t\t\t<p>Din tradi\u021bia mo\u0219tenit\u0103 \u00een mor\u0103rit \u0219i furaje, HRANA a dezvoltat ast\u0103zi o gam\u0103 complet\u0103 de alimente de baz\u0103: f\u0103inuri profesionale, conserve, legume \u0219i fructe congelate, produse ambalate. Suntem un partener de \u00eencredere pentru retail, HoReCa \u0219i industrie, dar \u0219i o alegere sigur\u0103 pentru fiecare cas\u0103.<\/p>\t\t\t\t\t\t\t\t<\/div>\n\t\t\t\t<\/div>\n\t\t\t\t<div class=\"elementor-element elementor-element-b56ee37 elementor-widget elementor-widget-spacer\" data-id=\"b56ee37\" data-element_type=\"widget\" data-e-type=\"widget\" data-widget_type=\"spacer.default\">\n\t\t\t\t<div class=\"elementor-widget-container\">\n\t\t\t\t\t\t\t<div class=\"elementor-spacer\">\n\t\t\t<div class=\"elementor-spacer-inner\"><\/div>\n\t\t<\/div>\n\t\t\t\t\t\t<\/div>\n\t\t\t\t<\/div>\n\t\t\t\t<\/div>\n\t\t\t\t\t<\/div>\n\t\t\t\t<\/div>\n\t\t\t\t<\/div>\n\t\t","protected":false},"excerpt":{"rendered":"<p>Tradi\u021bie \u00een mor\u0103rit, inova\u021bie \u00een alimenta\u021bie Tradi\u021bie \u00een mor\u0103rit, inova\u021bie \u00een alimenta\u021bie Produse Ambalate Produse Congelate Conserve Produse de Mor\u0103rit Calitate constant\u0103, de peste 50 de ani. Din tradi\u021bia mo\u0219tenit\u0103 \u00een mor\u0103rit \u0219i furaje, HRANA a dezvoltat ast\u0103zi o gam\u0103 complet\u0103 de alimente de baz\u0103: f\u0103inuri profesionale, conserve, legume \u0219i fructe congelate, produse ambalate. Suntem [&hellip;]<\/p>\n","protected":false},"author":1,"featured_media":0,"parent":0,"menu_order":0,"comment_status":"closed","ping_status":"closed","template":"elementor_header_footer","meta":{"inline_featured_image":false,"footnotes":""},"class_list":["post-439","page","type-page","status-publish","hentry"],"_links":{"self":[{"href":"https:\/\/hranaindustry.ro\/uk\/wp-json\/wp\/v2\/pages\/439","targetHints":{"allow":["GET"]}}],"collection":[{"href":"https:\/\/hranaindustry.ro\/uk\/wp-json\/wp\/v2\/pages"}],"about":[{"href":"https:\/\/hranaindustry.ro\/uk\/wp-json\/wp\/v2\/types\/page"}],"author":[{"embeddable":true,"href":"https:\/\/hranaindustry.ro\/uk\/wp-json\/wp\/v2\/users\/1"}],"replies":[{"embeddable":true,"href":"https:\/\/hranaindustry.ro\/uk\/wp-json\/wp\/v2\/comments?post=439"}],"version-history":[{"count":366,"href":"https:\/\/hranaindustry.ro\/uk\/wp-json\/wp\/v2\/pages\/439\/revisions"}],"predecessor-version":[{"id":1776,"href":"https:\/\/hranaindustry.ro\/uk\/wp-json\/wp\/v2\/pages\/439\/revisions\/1776"}],"wp:attachment":[{"href":"https:\/\/hranaindustry.ro\/uk\/wp-json\/wp\/v2\/media?parent=439"}],"curies":[{"name":"wp","href":"https:\/\/api.w.org\/{rel}","templated":true}]}}